{"id":12,"date":"2022-01-27T12:28:33","date_gmt":"2022-01-27T11:28:33","guid":{"rendered":"http:\/\/lejardinexotique.fr\/index.php\/home\/"},"modified":"2022-06-18T16:01:43","modified_gmt":"2022-06-18T14:01:43","slug":"jardin-exotique","status":"publish","type":"page","link":"https:\/\/lejardinexotique.fr\/","title":{"rendered":"Accueil"},"content":{"rendered":"\n<h1 class=\"wp-block-heading\">Le jardin exotique<\/h1>\n\n\n\n<div class=\"wp-block-cover\"><span aria-hidden=\"true\" class=\"wp-block-cover__background has-background-dim-40 has-background-dim\"><\/span><img loading=\"lazy\" decoding=\"async\" width=\"400\" height=\"533\" class=\"wp-block-cover__image-background wp-image-419\" alt=\"jardin exotique\" src=\"https:\/\/lejardinexotique.fr\/wp-content\/uploads\/2022\/06\/lesportesdujardin3.jpg\" data-object-fit=\"cover\" srcset=\"https:\/\/lejardinexotique.fr\/wp-content\/uploads\/2022\/06\/lesportesdujardin3.jpg 400w, https:\/\/lejardinexotique.fr\/wp-content\/uploads\/2022\/06\/lesportesdujardin3-225x300.jpg 225w\" sizes=\"auto, (max-width: 400px) 100vw, 400px\" \/><div class=\"wp-block-cover__inner-container is-layout-flow wp-block-cover-is-layout-flow\">\n<p class=\"has-text-align-center has-large-font-size\"><\/p>\n<\/div><\/div>\n\n\n\n<p>Nous vous accueillerons bient\u00f4t  au jardin exotique,  pour vous presenter notre collection de plantes exotiques .Le  jardin accueil chaque ann\u00e9e  de nouvelles plantes , originaires de tous  les pays du monde  que  nous  acclimatons  peu \u00e0 peu. D\u00e9but\u00e9 en  202188 , nous commen\u00e7ons \u00e0 avoir une collection assez  importante de Colocasias d&rsquo;Alocasias et de  palmiers .2022 est  l&rsquo;ann\u00e9e de  l&rsquo;introduction de  nouveaut\u00e9  ,  les Bambous. Inspir\u00e9s par notre visite  \u00e0 la bambouseraie  nous avons  en effet quelques nouveaut\u00e9s,  des  bambous noirs  ,  des bambous  jaunes et des fargeccias .<\/p>\n\n\n\n<p>Nous ne vendons  pas  , nous  sommes collectionneurs , notre objectif sera a  terme  d&rsquo;organiser des  visites pour vous presenter  notre collection. Il nous faudra encore plusieurs ann\u00e9es pour vous accueillir , c&rsquo;est pour cela  que  nous avons cr\u00e9er  ce site. Ce nous  permet de garder un  historique des \u00e9volution du jardin ,  et  de vous faire  d\u00e9couvrir  peu \u00e0  peu  le jardin avec ces \u00e9volutions  qui se font au fil des ann\u00e9es.<\/p>\n\n\n\n<div class=\"wp-block-columns is-layout-flex wp-container-core-columns-is-layout-9d6595d7 wp-block-columns-is-layout-flex\">\n<div class=\"wp-block-column is-layout-flow wp-block-column-is-layout-flow\">\n<p>Si vous avez des questions ou besoin de conseils , n&rsquo;h\u00e9sitez pas a  nous  contacter par  mail ,  nous nous ferrons  un plaisir  de vous r\u00e9pondre .<\/p>\n<\/div>\n\n\n\n<div class=\"wp-block-column is-layout-flow wp-block-column-is-layout-flow\">\n<figure class=\"wp-block-gallery has-nested-images columns-default is-cropped wp-block-gallery-1 is-layout-flex wp-block-gallery-is-layout-flex\">\n<figure class=\"wp-block-image size-large\"><img loading=\"lazy\" decoding=\"async\" width=\"305\" height=\"407\" data-id=\"431\" src=\"https:\/\/lejardinexotique.fr\/wp-content\/uploads\/2022\/06\/fleursoranges.jpg\" alt=\"\" class=\"wp-image-431\" srcset=\"https:\/\/lejardinexotique.fr\/wp-content\/uploads\/2022\/06\/fleursoranges.jpg 305w, https:\/\/lejardinexotique.fr\/wp-content\/uploads\/2022\/06\/fleursoranges-225x300.jpg 225w\" sizes=\"auto, (max-width: 305px) 100vw, 305px\" \/><\/figure>\n\n\n\n<figure class=\"wp-block-image size-large\"><img loading=\"lazy\" decoding=\"async\" width=\"400\" height=\"533\" data-id=\"430\" src=\"https:\/\/lejardinexotique.fr\/wp-content\/uploads\/2022\/06\/yuccaetpiscine.jpg\" alt=\"\" class=\"wp-image-430\" srcset=\"https:\/\/lejardinexotique.fr\/wp-content\/uploads\/2022\/06\/yuccaetpiscine.jpg 400w, https:\/\/lejardinexotique.fr\/wp-content\/uploads\/2022\/06\/yuccaetpiscine-225x300.jpg 225w\" sizes=\"auto, (max-width: 400px) 100vw, 400px\" \/><\/figure>\n\n\n\n<figure class=\"wp-block-image size-large\"><img loading=\"lazy\" decoding=\"async\" width=\"400\" height=\"533\" data-id=\"429\" src=\"https:\/\/lejardinexotique.fr\/wp-content\/uploads\/2022\/06\/tetrapanaxgeant.jpg\" alt=\"\" class=\"wp-image-429\" srcset=\"https:\/\/lejardinexotique.fr\/wp-content\/uploads\/2022\/06\/tetrapanaxgeant.jpg 400w, https:\/\/lejardinexotique.fr\/wp-content\/uploads\/2022\/06\/tetrapanaxgeant-225x300.jpg 225w\" sizes=\"auto, (max-width: 400px) 100vw, 400px\" \/><\/figure>\n\n\n\n<figure class=\"wp-block-image size-large\"><img loading=\"lazy\" decoding=\"async\" width=\"400\" height=\"533\" data-id=\"403\" src=\"https:\/\/lejardinexotique.fr\/wp-content\/uploads\/2022\/06\/fleurjaunedelaloestriata.jpg\" alt=\"\" class=\"wp-image-403\" srcset=\"https:\/\/lejardinexotique.fr\/wp-content\/uploads\/2022\/06\/fleurjaunedelaloestriata.jpg 400w, https:\/\/lejardinexotique.fr\/wp-content\/uploads\/2022\/06\/fleurjaunedelaloestriata-225x300.jpg 225w\" sizes=\"auto, (max-width: 400px) 100vw, 400px\" \/><\/figure>\n\n\n\n<figure class=\"wp-block-image size-large\"><img loading=\"lazy\" decoding=\"async\" width=\"400\" height=\"533\" data-id=\"401\" src=\"https:\/\/lejardinexotique.fr\/wp-content\/uploads\/2022\/06\/lafloraisondes-plantesgrasses.jpg\" alt=\"\" class=\"wp-image-401\" srcset=\"https:\/\/lejardinexotique.fr\/wp-content\/uploads\/2022\/06\/lafloraisondes-plantesgrasses.jpg 400w, https:\/\/lejardinexotique.fr\/wp-content\/uploads\/2022\/06\/lafloraisondes-plantesgrasses-225x300.jpg 225w\" sizes=\"auto, (max-width: 400px) 100vw, 400px\" \/><\/figure>\n<\/figure>\n<\/div>\n<\/div>\n","protected":false},"excerpt":{"rendered":"<p>Le jardin exotique Nous vous accueillerons bient\u00f4t au jardin exotique, pour vous presenter notre collection de plantes exotiques .Le jardin accueil chaque ann\u00e9e de nouvelles plantes , originaires de tous les pays du monde que nous acclimatons peu \u00e0 peu. D\u00e9but\u00e9 en 202188 , nous commen\u00e7ons \u00e0 avoir une collection assez importante de Colocasias d&rsquo;Alocasias [&hellip;]<\/p>\n","protected":false},"author":1,"featured_media":0,"parent":0,"menu_order":0,"comment_status":"closed","ping_status":"closed","template":"templates\/template-homepage.php","meta":{"_monsterinsights_skip_tracking":false,"_monsterinsights_sitenote_active":false,"_monsterinsights_sitenote_note":"","_monsterinsights_sitenote_category":0,"footnotes":""},"class_list":["post-12","page","type-page","status-publish","hentry"],"yoast_head":"<!-- This site is optimized with the Yoast SEO plugin v27.5 - https:\/\/yoast.com\/product\/yoast-seo-wordpress\/ -->\n<title>Accueil - Le jardin exotique<\/title>\n<meta name=\"description\" content=\"Jardin exotique .D\u00e9couvrez le jardin exotique du Sud Gr\u00e9sivaudan . Nous faisons un trail d&#039;acclimatation de plantes de diff\u00e9rents pays.\" \/>\n<meta name=\"robots\" content=\"index, follow, max-snippet:-1, max-image-preview:large, max-video-preview:-1\" \/>\n<link rel=\"canonical\" href=\"https:\/\/lejardinexotique.fr\/\" \/>\n<meta property=\"og:locale\" content=\"fr_FR\" \/>\n<meta property=\"og:type\" content=\"article\" \/>\n<meta property=\"og:title\" content=\"Accueil - Le jardin exotique\" \/>\n<meta property=\"og:description\" content=\"Jardin exotique .D\u00e9couvrez le jardin exotique du Sud Gr\u00e9sivaudan . Nous faisons un trail d&#039;acclimatation de plantes de diff\u00e9rents pays.\" \/>\n<meta property=\"og:url\" content=\"https:\/\/lejardinexotique.fr\/\" \/>\n<meta property=\"og:site_name\" content=\"Le jardin exotique\" \/>\n<meta property=\"article:publisher\" content=\"https:\/\/www.facebook.com\/eric.just.5\" \/>\n<meta property=\"article:modified_time\" content=\"2022-06-18T14:01:43+00:00\" \/>\n<meta property=\"og:image\" content=\"https:\/\/lejardinexotique.fr\/wp-content\/uploads\/2022\/06\/lesportesdujardin3.jpg\" \/>\n<meta name=\"twitter:card\" content=\"summary_large_image\" \/>\n<meta name=\"twitter:label1\" content=\"Dur\u00e9e de lecture estim\u00e9e\" \/>\n\t<meta name=\"twitter:data1\" content=\"3 minutes\" \/>\n<script type=\"application\/ld+json\" class=\"yoast-schema-graph\">{\"@context\":\"https:\\\/\\\/schema.org\",\"@graph\":[{\"@type\":\"WebPage\",\"@id\":\"https:\\\/\\\/lejardinexotique.fr\\\/\",\"url\":\"https:\\\/\\\/lejardinexotique.fr\\\/\",\"name\":\"Accueil - Le jardin exotique\",\"isPartOf\":{\"@id\":\"https:\\\/\\\/lejardinexotique.fr\\\/#website\"},\"primaryImageOfPage\":{\"@id\":\"https:\\\/\\\/lejardinexotique.fr\\\/#primaryimage\"},\"image\":{\"@id\":\"https:\\\/\\\/lejardinexotique.fr\\\/#primaryimage\"},\"thumbnailUrl\":\"https:\\\/\\\/lejardinexotique.fr\\\/wp-content\\\/uploads\\\/2022\\\/06\\\/lesportesdujardin3.jpg\",\"datePublished\":\"2022-01-27T11:28:33+00:00\",\"dateModified\":\"2022-06-18T14:01:43+00:00\",\"description\":\"Jardin exotique .D\u00e9couvrez le jardin exotique du Sud Gr\u00e9sivaudan . Nous faisons un trail d'acclimatation de plantes de diff\u00e9rents pays.\",\"breadcrumb\":{\"@id\":\"https:\\\/\\\/lejardinexotique.fr\\\/#breadcrumb\"},\"inLanguage\":\"fr-FR\",\"potentialAction\":[{\"@type\":\"ReadAction\",\"target\":[\"https:\\\/\\\/lejardinexotique.fr\\\/\"]}]},{\"@type\":\"ImageObject\",\"inLanguage\":\"fr-FR\",\"@id\":\"https:\\\/\\\/lejardinexotique.fr\\\/#primaryimage\",\"url\":\"https:\\\/\\\/lejardinexotique.fr\\\/wp-content\\\/uploads\\\/2022\\\/06\\\/lesportesdujardin3.jpg\",\"contentUrl\":\"https:\\\/\\\/lejardinexotique.fr\\\/wp-content\\\/uploads\\\/2022\\\/06\\\/lesportesdujardin3.jpg\",\"width\":400,\"height\":533,\"caption\":\"jardin exotique\"},{\"@type\":\"BreadcrumbList\",\"@id\":\"https:\\\/\\\/lejardinexotique.fr\\\/#breadcrumb\",\"itemListElement\":[{\"@type\":\"ListItem\",\"position\":1,\"name\":\"Accueil\",\"item\":\"https:\\\/\\\/lejardinexotique.fr\\\/\"},{\"@type\":\"ListItem\",\"position\":2,\"name\":\"Accueil\"}]},{\"@type\":\"WebSite\",\"@id\":\"https:\\\/\\\/lejardinexotique.fr\\\/#website\",\"url\":\"https:\\\/\\\/lejardinexotique.fr\\\/\",\"name\":\"Le jardin exotique\",\"description\":\"Le jardin du Sud Gresivaudan\",\"publisher\":{\"@id\":\"https:\\\/\\\/lejardinexotique.fr\\\/#organization\"},\"potentialAction\":[{\"@type\":\"SearchAction\",\"target\":{\"@type\":\"EntryPoint\",\"urlTemplate\":\"https:\\\/\\\/lejardinexotique.fr\\\/?s={search_term_string}\"},\"query-input\":{\"@type\":\"PropertyValueSpecification\",\"valueRequired\":true,\"valueName\":\"search_term_string\"}}],\"inLanguage\":\"fr-FR\"},{\"@type\":\"Organization\",\"@id\":\"https:\\\/\\\/lejardinexotique.fr\\\/#organization\",\"name\":\"Le jardin exotique\",\"url\":\"https:\\\/\\\/lejardinexotique.fr\\\/\",\"logo\":{\"@type\":\"ImageObject\",\"inLanguage\":\"fr-FR\",\"@id\":\"https:\\\/\\\/lejardinexotique.fr\\\/#\\\/schema\\\/logo\\\/image\\\/\",\"url\":\"https:\\\/\\\/lejardinexotique.fr\\\/wp-content\\\/uploads\\\/2022\\\/01\\\/vue-jardin-les-singes-384x512-2.jpg\",\"contentUrl\":\"https:\\\/\\\/lejardinexotique.fr\\\/wp-content\\\/uploads\\\/2022\\\/01\\\/vue-jardin-les-singes-384x512-2.jpg\",\"width\":800,\"height\":1500,\"caption\":\"Le jardin exotique\"},\"image\":{\"@id\":\"https:\\\/\\\/lejardinexotique.fr\\\/#\\\/schema\\\/logo\\\/image\\\/\"},\"sameAs\":[\"https:\\\/\\\/www.facebook.com\\\/eric.just.5\"]}]}<\/script>\n<!-- \/ Yoast SEO plugin. -->","yoast_head_json":{"title":"Accueil - Le jardin exotique","description":"Jardin exotique .D\u00e9couvrez le jardin exotique du Sud Gr\u00e9sivaudan . Nous faisons un trail d'acclimatation de plantes de diff\u00e9rents pays.","robots":{"index":"index","follow":"follow","max-snippet":"max-snippet:-1","max-image-preview":"max-image-preview:large","max-video-preview":"max-video-preview:-1"},"canonical":"https:\/\/lejardinexotique.fr\/","og_locale":"fr_FR","og_type":"article","og_title":"Accueil - Le jardin exotique","og_description":"Jardin exotique .D\u00e9couvrez le jardin exotique du Sud Gr\u00e9sivaudan . Nous faisons un trail d'acclimatation de plantes de diff\u00e9rents pays.","og_url":"https:\/\/lejardinexotique.fr\/","og_site_name":"Le jardin exotique","article_publisher":"https:\/\/www.facebook.com\/eric.just.5","article_modified_time":"2022-06-18T14:01:43+00:00","og_image":[{"url":"https:\/\/lejardinexotique.fr\/wp-content\/uploads\/2022\/06\/lesportesdujardin3.jpg","type":"","width":"","height":""}],"twitter_card":"summary_large_image","twitter_misc":{"Dur\u00e9e de lecture estim\u00e9e":"3 minutes"},"schema":{"@context":"https:\/\/schema.org","@graph":[{"@type":"WebPage","@id":"https:\/\/lejardinexotique.fr\/","url":"https:\/\/lejardinexotique.fr\/","name":"Accueil - Le jardin exotique","isPartOf":{"@id":"https:\/\/lejardinexotique.fr\/#website"},"primaryImageOfPage":{"@id":"https:\/\/lejardinexotique.fr\/#primaryimage"},"image":{"@id":"https:\/\/lejardinexotique.fr\/#primaryimage"},"thumbnailUrl":"https:\/\/lejardinexotique.fr\/wp-content\/uploads\/2022\/06\/lesportesdujardin3.jpg","datePublished":"2022-01-27T11:28:33+00:00","dateModified":"2022-06-18T14:01:43+00:00","description":"Jardin exotique .D\u00e9couvrez le jardin exotique du Sud Gr\u00e9sivaudan . Nous faisons un trail d'acclimatation de plantes de diff\u00e9rents pays.","breadcrumb":{"@id":"https:\/\/lejardinexotique.fr\/#breadcrumb"},"inLanguage":"fr-FR","potentialAction":[{"@type":"ReadAction","target":["https:\/\/lejardinexotique.fr\/"]}]},{"@type":"ImageObject","inLanguage":"fr-FR","@id":"https:\/\/lejardinexotique.fr\/#primaryimage","url":"https:\/\/lejardinexotique.fr\/wp-content\/uploads\/2022\/06\/lesportesdujardin3.jpg","contentUrl":"https:\/\/lejardinexotique.fr\/wp-content\/uploads\/2022\/06\/lesportesdujardin3.jpg","width":400,"height":533,"caption":"jardin exotique"},{"@type":"BreadcrumbList","@id":"https:\/\/lejardinexotique.fr\/#breadcrumb","itemListElement":[{"@type":"ListItem","position":1,"name":"Accueil","item":"https:\/\/lejardinexotique.fr\/"},{"@type":"ListItem","position":2,"name":"Accueil"}]},{"@type":"WebSite","@id":"https:\/\/lejardinexotique.fr\/#website","url":"https:\/\/lejardinexotique.fr\/","name":"Le jardin exotique","description":"Le jardin du Sud Gresivaudan","publisher":{"@id":"https:\/\/lejardinexotique.fr\/#organization"},"potentialAction":[{"@type":"SearchAction","target":{"@type":"EntryPoint","urlTemplate":"https:\/\/lejardinexotique.fr\/?s={search_term_string}"},"query-input":{"@type":"PropertyValueSpecification","valueRequired":true,"valueName":"search_term_string"}}],"inLanguage":"fr-FR"},{"@type":"Organization","@id":"https:\/\/lejardinexotique.fr\/#organization","name":"Le jardin exotique","url":"https:\/\/lejardinexotique.fr\/","logo":{"@type":"ImageObject","inLanguage":"fr-FR","@id":"https:\/\/lejardinexotique.fr\/#\/schema\/logo\/image\/","url":"https:\/\/lejardinexotique.fr\/wp-content\/uploads\/2022\/01\/vue-jardin-les-singes-384x512-2.jpg","contentUrl":"https:\/\/lejardinexotique.fr\/wp-content\/uploads\/2022\/01\/vue-jardin-les-singes-384x512-2.jpg","width":800,"height":1500,"caption":"Le jardin exotique"},"image":{"@id":"https:\/\/lejardinexotique.fr\/#\/schema\/logo\/image\/"},"sameAs":["https:\/\/www.facebook.com\/eric.just.5"]}]}},"_links":{"self":[{"href":"https:\/\/lejardinexotique.fr\/index.php\/wp-json\/wp\/v2\/pages\/12","targetHints":{"allow":["GET"]}}],"collection":[{"href":"https:\/\/lejardinexotique.fr\/index.php\/wp-json\/wp\/v2\/pages"}],"about":[{"href":"https:\/\/lejardinexotique.fr\/index.php\/wp-json\/wp\/v2\/types\/page"}],"author":[{"embeddable":true,"href":"https:\/\/lejardinexotique.fr\/index.php\/wp-json\/wp\/v2\/users\/1"}],"replies":[{"embeddable":true,"href":"https:\/\/lejardinexotique.fr\/index.php\/wp-json\/wp\/v2\/comments?post=12"}],"version-history":[{"count":5,"href":"https:\/\/lejardinexotique.fr\/index.php\/wp-json\/wp\/v2\/pages\/12\/revisions"}],"predecessor-version":[{"id":444,"href":"https:\/\/lejardinexotique.fr\/index.php\/wp-json\/wp\/v2\/pages\/12\/revisions\/444"}],"wp:attachment":[{"href":"https:\/\/lejardinexotique.fr\/index.php\/wp-json\/wp\/v2\/media?parent=12"}],"curies":[{"name":"wp","href":"https:\/\/api.w.org\/{rel}","templated":true}]}}